{"id":964,"date":"2025-01-18T21:25:21","date_gmt":"2025-01-18T20:25:21","guid":{"rendered":"https:\/\/coanegrafilms.com\/?page_id=964"},"modified":"2025-05-10T14:26:30","modified_gmt":"2025-05-10T12:26:30","slug":"namibia-trip","status":"publish","type":"page","link":"https:\/\/coanegrafilms.com\/es\/namibia-trip\/","title":{"rendered":"NAMIBIA TRIP"},"content":{"rendered":"<div data-elementor-type=\"wp-page\" data-elementor-id=\"964\" class=\"elementor elementor-964\" data-elementor-settings=\"{&quot;ha_cmc_init_switcher&quot;:&quot;no&quot;}\" data-elementor-post-type=\"page\">\n\t\t\t\t<div class=\"elementor-element elementor-element-0bfa978 e-con-full e-flex e-con e-parent\" data-id=\"0bfa978\" data-element_type=\"container\" data-settings=\"{&quot;_ha_eqh_enable&quot;:false}\">\n\t\t\t\t<div class=\"elementor-element elementor-element-6b7a67d elementor-invisible elementor-widget elementor-widget-heading\" data-id=\"6b7a67d\" data-element_type=\"widget\" data-settings=\"{&quot;_animation&quot;:&quot;slideInUp&quot;}\" data-widget_type=\"heading.default\">\n\t\t\t\t<div class=\"elementor-widget-container\">\n\t\t\t\t\t<h2 class=\"elementor-heading-title elementor-size-default\">NAMIBIA TRIP<\/h2>\t\t\t\t<\/div>\n\t\t\t\t<\/div>\n\t\t<div class=\"elementor-element elementor-element-ca67b69 e-con-full e-flex e-con e-child\" data-id=\"ca67b69\" data-element_type=\"container\" data-settings=\"{&quot;_ha_eqh_enable&quot;:false}\">\n\t\t\t\t<div class=\"elementor-element elementor-element-612ced9 elementor-invisible elementor-widget elementor-widget-video\" data-id=\"612ced9\" data-element_type=\"widget\" data-settings=\"{&quot;video_type&quot;:&quot;vimeo&quot;,&quot;_animation&quot;:&quot;fadeInUp&quot;}\" data-widget_type=\"video.default\">\n\t\t\t\t<div class=\"elementor-widget-container\">\n\t\t\t\t\t\t\t<div class=\"elementor-wrapper elementor-open-inline\">\n\t\t\t<iframe class=\"elementor-video-iframe\" allowfullscreen allow=\"clipboard-write\" title=\"vimeo Video Player\" src=\"https:\/\/player.vimeo.com\/video\/1083123601?color&amp;autopause=0&amp;loop=0&amp;muted=0&amp;title=1&amp;portrait=1&amp;byline=1#t=\"><\/iframe>\t\t<\/div>\n\t\t\t\t\t\t<\/div>\n\t\t\t\t<\/div>\n\t\t\t\t<\/div>\n\t\t\t\t<\/div>\n\t\t<div class=\"elementor-element elementor-element-b2294a1 e-flex e-con-boxed e-con e-parent\" data-id=\"b2294a1\" data-element_type=\"container\" data-settings=\"{&quot;motion_fx_motion_fx_scrolling&quot;:&quot;yes&quot;,&quot;motion_fx_translateY_effect&quot;:&quot;yes&quot;,&quot;motion_fx_devices&quot;:[&quot;desktop&quot;,&quot;tablet&quot;],&quot;_ha_eqh_enable&quot;:false,&quot;motion_fx_translateY_speed&quot;:{&quot;unit&quot;:&quot;px&quot;,&quot;size&quot;:4,&quot;sizes&quot;:[]},&quot;motion_fx_translateY_affectedRange&quot;:{&quot;unit&quot;:&quot;%&quot;,&quot;size&quot;:&quot;&quot;,&quot;sizes&quot;:{&quot;start&quot;:0,&quot;end&quot;:100}}}\">\n\t\t\t\t\t<div class=\"e-con-inner\">\n\t\t\t\t<div class=\"elementor-element elementor-element-7847d52 elementor-widget__width-initial elementor-widget elementor-widget-text-editor\" data-id=\"7847d52\" data-element_type=\"widget\" data-widget_type=\"text-editor.default\">\n\t\t\t\t<div class=\"elementor-widget-container\">\n\t\t\t\t\t\t\t\t\t<p>Un viaje inolvidable al coraz\u00f3n de Namibia, donde captamos la inmensidad de sus paisajes y la riqueza de su vida salvaje. Este proyecto fotogr\u00e1fico explora la conexi\u00f3n entre la naturaleza y la humanidad, mostrando la belleza \u00fanica de este fascinante pa\u00eds africano.<\/p>\t\t\t\t\t\t\t\t<\/div>\n\t\t\t\t<\/div>\n\t\t\t\t\t<\/div>\n\t\t\t\t<\/div>\n\t\t<div class=\"elementor-element elementor-element-563e9bb e-con-full e-flex e-con e-parent\" data-id=\"563e9bb\" data-element_type=\"container\" data-settings=\"{&quot;_ha_eqh_enable&quot;:false}\">\n\t\t\t\t<div class=\"elementor-element elementor-element-b98218e elementor-widget elementor-widget-heading\" data-id=\"b98218e\" data-element_type=\"widget\" data-settings=\"{&quot;motion_fx_motion_fx_scrolling&quot;:&quot;yes&quot;,&quot;motion_fx_translateX_effect&quot;:&quot;yes&quot;,&quot;motion_fx_translateX_direction&quot;:&quot;negative&quot;,&quot;motion_fx_devices&quot;:[&quot;desktop&quot;,&quot;tablet&quot;],&quot;motion_fx_translateX_speed&quot;:{&quot;unit&quot;:&quot;px&quot;,&quot;size&quot;:4,&quot;sizes&quot;:[]},&quot;motion_fx_translateX_affectedRange&quot;:{&quot;unit&quot;:&quot;%&quot;,&quot;size&quot;:&quot;&quot;,&quot;sizes&quot;:{&quot;start&quot;:0,&quot;end&quot;:100}}}\" data-widget_type=\"heading.default\">\n\t\t\t\t<div class=\"elementor-widget-container\">\n\t\t\t\t\t<h2 class=\"elementor-heading-title elementor-size-default\">Una aventura en la que las im\u00e1genes hablan por s\u00ed solas<\/h2>\t\t\t\t<\/div>\n\t\t\t\t<\/div>\n\t\t\t\t<\/div>\n\t\t<div class=\"elementor-element elementor-element-45ae9a1 e-con-full e-flex e-con e-parent\" data-id=\"45ae9a1\" data-element_type=\"container\" data-settings=\"{&quot;_ha_eqh_enable&quot;:false}\">\n\t\t\t\t<div class=\"elementor-element elementor-element-2f56700 elementor-arrows-position-inside elementor-pagination-position-outside elementor-widget elementor-widget-image-carousel\" data-id=\"2f56700\" data-element_type=\"widget\" data-settings=\"{&quot;slides_to_show&quot;:&quot;4&quot;,&quot;slides_to_scroll&quot;:&quot;1&quot;,&quot;lazyload&quot;:&quot;yes&quot;,&quot;autoplay_speed&quot;:1500,&quot;image_spacing_custom&quot;:{&quot;unit&quot;:&quot;px&quot;,&quot;size&quot;:8,&quot;sizes&quot;:[]},&quot;motion_fx_motion_fx_scrolling&quot;:&quot;yes&quot;,&quot;motion_fx_opacity_effect&quot;:&quot;yes&quot;,&quot;motion_fx_opacity_range&quot;:{&quot;unit&quot;:&quot;%&quot;,&quot;size&quot;:&quot;&quot;,&quot;sizes&quot;:{&quot;start&quot;:0,&quot;end&quot;:38}},&quot;navigation&quot;:&quot;both&quot;,&quot;autoplay&quot;:&quot;yes&quot;,&quot;infinite&quot;:&quot;yes&quot;,&quot;speed&quot;:500,&quot;image_spacing_custom_tablet&quot;:{&quot;unit&quot;:&quot;px&quot;,&quot;size&quot;:&quot;&quot;,&quot;sizes&quot;:[]},&quot;image_spacing_custom_mobile&quot;:{&quot;unit&quot;:&quot;px&quot;,&quot;size&quot;:&quot;&quot;,&quot;sizes&quot;:[]},&quot;motion_fx_opacity_direction&quot;:&quot;out-in&quot;,&quot;motion_fx_opacity_level&quot;:{&quot;unit&quot;:&quot;px&quot;,&quot;size&quot;:10,&quot;sizes&quot;:[]},&quot;motion_fx_devices&quot;:[&quot;desktop&quot;,&quot;tablet&quot;,&quot;mobile&quot;]}\" data-widget_type=\"image-carousel.default\">\n\t\t\t\t<div class=\"elementor-widget-container\">\n\t\t\t\t\t\t\t<div class=\"elementor-image-carousel-wrapper swiper\" role=\"region\" aria-roledescription=\"carousel\" aria-label=\"Image Carousel\" dir=\"ltr\">\n\t\t\t<div class=\"elementor-image-carousel swiper-wrapper\" aria-live=\"off\">\n\t\t\t\t\t\t\t\t<div class=\"swiper-slide\" role=\"group\" aria-roledescription=\"slide\" aria-label=\"1 of 9\"><a data-elementor-open-lightbox=\"yes\" data-elementor-lightbox-slideshow=\"2f56700\" data-elementor-lightbox-title=\"web_gallery_img_08\" data-e-action-hash=\"#elementor-action%3Aaction%3Dlightbox%26settings%3DeyJpZCI6MTAxMCwidXJsIjoiaHR0cHM6XC9cL2NvYW5lZ3JhZmlsbXMuY29tXC93cC1jb250ZW50XC91cGxvYWRzXC8yMDI1XC8wMVwvd2ViX2dhbGxlcnlfaW1nXzA4LXNjYWxlZC53ZWJwIiwic2xpZGVzaG93IjoiMmY1NjcwMCJ9\" href=\"https:\/\/coanegrafilms.com\/wp-content\/uploads\/2025\/01\/web_gallery_img_08-scaled.webp\"><figure class=\"swiper-slide-inner\"><img class=\"swiper-slide-image swiper-lazy\" data-src=\"https:\/\/coanegrafilms.com\/wp-content\/uploads\/2025\/01\/web_gallery_img_08-scaled.webp\" alt=\"web_gallery_img_08\" \/><div class=\"swiper-lazy-preloader\"><\/div><\/figure><\/a><\/div><div class=\"swiper-slide\" role=\"group\" aria-roledescription=\"slide\" aria-label=\"2 of 9\"><a data-elementor-open-lightbox=\"yes\" data-elementor-lightbox-slideshow=\"2f56700\" data-elementor-lightbox-title=\"web_gallery_img_07\" data-e-action-hash=\"#elementor-action%3Aaction%3Dlightbox%26settings%3DeyJpZCI6MTAwOSwidXJsIjoiaHR0cHM6XC9cL2NvYW5lZ3JhZmlsbXMuY29tXC93cC1jb250ZW50XC91cGxvYWRzXC8yMDI1XC8wMVwvd2ViX2dhbGxlcnlfaW1nXzA3LXNjYWxlZC53ZWJwIiwic2xpZGVzaG93IjoiMmY1NjcwMCJ9\" href=\"https:\/\/coanegrafilms.com\/wp-content\/uploads\/2025\/01\/web_gallery_img_07-scaled.webp\"><figure class=\"swiper-slide-inner\"><img class=\"swiper-slide-image swiper-lazy\" data-src=\"https:\/\/coanegrafilms.com\/wp-content\/uploads\/2025\/01\/web_gallery_img_07-scaled.webp\" alt=\"web_gallery_img_07\" \/><div class=\"swiper-lazy-preloader\"><\/div><\/figure><\/a><\/div><div class=\"swiper-slide\" role=\"group\" aria-roledescription=\"slide\" aria-label=\"3 of 9\"><a data-elementor-open-lightbox=\"yes\" data-elementor-lightbox-slideshow=\"2f56700\" data-elementor-lightbox-title=\"web_gallery_img_05\" data-e-action-hash=\"#elementor-action%3Aaction%3Dlightbox%26settings%3DeyJpZCI6MTAwNywidXJsIjoiaHR0cHM6XC9cL2NvYW5lZ3JhZmlsbXMuY29tXC93cC1jb250ZW50XC91cGxvYWRzXC8yMDI1XC8wMVwvd2ViX2dhbGxlcnlfaW1nXzA1LXNjYWxlZC53ZWJwIiwic2xpZGVzaG93IjoiMmY1NjcwMCJ9\" href=\"https:\/\/coanegrafilms.com\/wp-content\/uploads\/2025\/01\/web_gallery_img_05-scaled.webp\"><figure class=\"swiper-slide-inner\"><img class=\"swiper-slide-image swiper-lazy\" data-src=\"https:\/\/coanegrafilms.com\/wp-content\/uploads\/2025\/01\/web_gallery_img_05-scaled.webp\" alt=\"web_gallery_img_05\" \/><div class=\"swiper-lazy-preloader\"><\/div><\/figure><\/a><\/div><div class=\"swiper-slide\" role=\"group\" aria-roledescription=\"slide\" aria-label=\"4 of 9\"><a data-elementor-open-lightbox=\"yes\" data-elementor-lightbox-slideshow=\"2f56700\" data-elementor-lightbox-title=\"5L4A6158-compress\" data-e-action-hash=\"#elementor-action%3Aaction%3Dlightbox%26settings%3DeyJpZCI6OTc4LCJ1cmwiOiJodHRwczpcL1wvY29hbmVncmFmaWxtcy5jb21cL3dwLWNvbnRlbnRcL3VwbG9hZHNcLzIwMjVcLzAxXC81TDRBNjE1OC1jb21wcmVzcy53ZWJwIiwic2xpZGVzaG93IjoiMmY1NjcwMCJ9\" href=\"https:\/\/coanegrafilms.com\/wp-content\/uploads\/2025\/01\/5L4A6158-compress.webp\"><figure class=\"swiper-slide-inner\"><img class=\"swiper-slide-image swiper-lazy\" data-src=\"https:\/\/coanegrafilms.com\/wp-content\/uploads\/2025\/01\/5L4A6158-compress.webp\" alt=\"5L4A6158-compress\" \/><div class=\"swiper-lazy-preloader\"><\/div><\/figure><\/a><\/div><div class=\"swiper-slide\" role=\"group\" aria-roledescription=\"slide\" aria-label=\"5 of 9\"><a data-elementor-open-lightbox=\"yes\" data-elementor-lightbox-slideshow=\"2f56700\" data-elementor-lightbox-title=\"1B1A5553-compress\" data-e-action-hash=\"#elementor-action%3Aaction%3Dlightbox%26settings%3DeyJpZCI6OTc2LCJ1cmwiOiJodHRwczpcL1wvY29hbmVncmFmaWxtcy5jb21cL3dwLWNvbnRlbnRcL3VwbG9hZHNcLzIwMjVcLzAxXC8xQjFBNTU1My1jb21wcmVzcy53ZWJwIiwic2xpZGVzaG93IjoiMmY1NjcwMCJ9\" href=\"https:\/\/coanegrafilms.com\/wp-content\/uploads\/2025\/01\/1B1A5553-compress.webp\"><figure class=\"swiper-slide-inner\"><img class=\"swiper-slide-image swiper-lazy\" data-src=\"https:\/\/coanegrafilms.com\/wp-content\/uploads\/2025\/01\/1B1A5553-compress.webp\" alt=\"1B1A5553-compress\" \/><div class=\"swiper-lazy-preloader\"><\/div><\/figure><\/a><\/div><div class=\"swiper-slide\" role=\"group\" aria-roledescription=\"slide\" aria-label=\"6 of 9\"><a data-elementor-open-lightbox=\"yes\" data-elementor-lightbox-slideshow=\"2f56700\" data-elementor-lightbox-title=\"5L4A5909-compress\" data-e-action-hash=\"#elementor-action%3Aaction%3Dlightbox%26settings%3DeyJpZCI6OTc3LCJ1cmwiOiJodHRwczpcL1wvY29hbmVncmFmaWxtcy5jb21cL3dwLWNvbnRlbnRcL3VwbG9hZHNcLzIwMjVcLzAxXC81TDRBNTkwOS1jb21wcmVzcy1zY2FsZWQud2VicCIsInNsaWRlc2hvdyI6IjJmNTY3MDAifQ%3D%3D\" href=\"https:\/\/coanegrafilms.com\/wp-content\/uploads\/2025\/01\/5L4A5909-compress-scaled.webp\"><figure class=\"swiper-slide-inner\"><img class=\"swiper-slide-image swiper-lazy\" data-src=\"https:\/\/coanegrafilms.com\/wp-content\/uploads\/2025\/01\/5L4A5909-compress-scaled.webp\" alt=\"5L4A5909-compress\" \/><div class=\"swiper-lazy-preloader\"><\/div><\/figure><\/a><\/div><div class=\"swiper-slide\" role=\"group\" aria-roledescription=\"slide\" aria-label=\"7 of 9\"><a data-elementor-open-lightbox=\"yes\" data-elementor-lightbox-slideshow=\"2f56700\" data-elementor-lightbox-title=\"1B1A4763-compress\" data-e-action-hash=\"#elementor-action%3Aaction%3Dlightbox%26settings%3DeyJpZCI6OTc1LCJ1cmwiOiJodHRwczpcL1wvY29hbmVncmFmaWxtcy5jb21cL3dwLWNvbnRlbnRcL3VwbG9hZHNcLzIwMjVcLzAxXC8xQjFBNDc2My1jb21wcmVzcy1zY2FsZWQud2VicCIsInNsaWRlc2hvdyI6IjJmNTY3MDAifQ%3D%3D\" href=\"https:\/\/coanegrafilms.com\/wp-content\/uploads\/2025\/01\/1B1A4763-compress-scaled.webp\"><figure class=\"swiper-slide-inner\"><img class=\"swiper-slide-image swiper-lazy\" data-src=\"https:\/\/coanegrafilms.com\/wp-content\/uploads\/2025\/01\/1B1A4763-compress-scaled.webp\" alt=\"1B1A4763-compress\" \/><div class=\"swiper-lazy-preloader\"><\/div><\/figure><\/a><\/div><div class=\"swiper-slide\" role=\"group\" aria-roledescription=\"slide\" aria-label=\"8 of 9\"><a data-elementor-open-lightbox=\"yes\" data-elementor-lightbox-slideshow=\"2f56700\" data-elementor-lightbox-title=\"1B1A2740-compress\" data-e-action-hash=\"#elementor-action%3Aaction%3Dlightbox%26settings%3DeyJpZCI6OTczLCJ1cmwiOiJodHRwczpcL1wvY29hbmVncmFmaWxtcy5jb21cL3dwLWNvbnRlbnRcL3VwbG9hZHNcLzIwMjVcLzAxXC8xQjFBMjc0MC1jb21wcmVzcy53ZWJwIiwic2xpZGVzaG93IjoiMmY1NjcwMCJ9\" href=\"https:\/\/coanegrafilms.com\/wp-content\/uploads\/2025\/01\/1B1A2740-compress.webp\"><figure class=\"swiper-slide-inner\"><img class=\"swiper-slide-image swiper-lazy\" data-src=\"https:\/\/coanegrafilms.com\/wp-content\/uploads\/2025\/01\/1B1A2740-compress.webp\" alt=\"1B1A2740-compress\" \/><div class=\"swiper-lazy-preloader\"><\/div><\/figure><\/a><\/div><div class=\"swiper-slide\" role=\"group\" aria-roledescription=\"slide\" aria-label=\"9 of 9\"><a data-elementor-open-lightbox=\"yes\" data-elementor-lightbox-slideshow=\"2f56700\" data-elementor-lightbox-title=\"1B1A4578-compress\" data-e-action-hash=\"#elementor-action%3Aaction%3Dlightbox%26settings%3DeyJpZCI6OTc0LCJ1cmwiOiJodHRwczpcL1wvY29hbmVncmFmaWxtcy5jb21cL3dwLWNvbnRlbnRcL3VwbG9hZHNcLzIwMjVcLzAxXC8xQjFBNDU3OC1jb21wcmVzcy53ZWJwIiwic2xpZGVzaG93IjoiMmY1NjcwMCJ9\" href=\"https:\/\/coanegrafilms.com\/wp-content\/uploads\/2025\/01\/1B1A4578-compress.webp\"><figure class=\"swiper-slide-inner\"><img class=\"swiper-slide-image swiper-lazy\" data-src=\"https:\/\/coanegrafilms.com\/wp-content\/uploads\/2025\/01\/1B1A4578-compress.webp\" alt=\"1B1A4578-compress\" \/><div class=\"swiper-lazy-preloader\"><\/div><\/figure><\/a><\/div>\t\t\t<\/div>\n\t\t\t\t\t\t\t\t\t\t\t\t<div class=\"elementor-swiper-button elementor-swiper-button-prev\" role=\"button\" tabindex=\"0\">\n\t\t\t\t\t\t<svg aria-hidden=\"true\" class=\"e-font-icon-svg e-eicon-chevron-left\" viewbox=\"0 0 1000 1000\" xmlns=\"http:\/\/www.w3.org\/2000\/svg\"><path d=\"M646 125C629 125 613 133 604 142L308 442C296 454 292 471 292 487 292 504 296 521 308 533L604 854C617 867 629 875 646 875 663 875 679 871 692 858 704 846 713 829 713 812 713 796 708 779 692 767L438 487 692 225C700 217 708 204 708 187 708 171 704 154 692 142 675 129 663 125 646 125Z\"><\/path><\/svg>\t\t\t\t\t<\/div>\n\t\t\t\t\t<div class=\"elementor-swiper-button elementor-swiper-button-next\" role=\"button\" tabindex=\"0\">\n\t\t\t\t\t\t<svg aria-hidden=\"true\" class=\"e-font-icon-svg e-eicon-chevron-right\" viewbox=\"0 0 1000 1000\" xmlns=\"http:\/\/www.w3.org\/2000\/svg\"><path d=\"M696 533C708 521 713 504 713 487 713 471 708 454 696 446L400 146C388 133 375 125 354 125 338 125 325 129 313 142 300 154 292 171 292 187 292 204 296 221 308 233L563 492 304 771C292 783 288 800 288 817 288 833 296 850 308 863 321 871 338 875 354 875 371 875 388 867 400 854L696 533Z\"><\/path><\/svg>\t\t\t\t\t<\/div>\n\t\t\t\t\n\t\t\t\t\t\t\t\t\t<div class=\"swiper-pagination\"><\/div>\n\t\t\t\t\t\t\t\t\t<\/div>\n\t\t\t\t\t\t<\/div>\n\t\t\t\t<\/div>\n\t\t\t\t<\/div>\n\t\t\t\t<\/div>","protected":false},"excerpt":{"rendered":"<p>NAMIBIA TRIP https:\/\/vimeo.com\/1083123601 An unforgettable journey to the heart of Namibia, where we captured the vastness of its landscapes and the richness of its wildlife. This photographic project explores the connection between nature and humanity, showcasing the unique beauty of this fascinating African country. A journey where the images speak for themselves<\/p>","protected":false},"author":1,"featured_media":0,"parent":0,"menu_order":0,"comment_status":"closed","ping_status":"closed","template":"elementor_header_footer","meta":{"inline_featured_image":false,"footnotes":""},"class_list":["post-964","page","type-page","status-publish","hentry"],"yoast_head":"<!-- This site is optimized with the Yoast SEO plugin v24.3 - https:\/\/yoast.com\/wordpress\/plugins\/seo\/ -->\n<title>NAMIBIA TRIP - Photo Journey by Coanegra Films<\/title>\n<meta name=\"description\" content=\"Discover how Coanegra Films documented Namibia\u2019s stunning landscapes and culture through photography. Dive into our creative process.\" \/>\n<meta name=\"robots\" content=\"index, follow, max-snippet:-1, max-image-preview:large, max-video-preview:-1\" \/>\n<link rel=\"canonical\" href=\"https:\/\/coanegrafilms.com\/es\/namibia-trip\/\" \/>\n<meta property=\"og:locale\" content=\"es_ES\" \/>\n<meta property=\"og:type\" content=\"article\" \/>\n<meta property=\"og:title\" content=\"NAMIBIA TRIP - Photo Journey by Coanegra Films\" \/>\n<meta property=\"og:description\" content=\"Discover how Coanegra Films documented Namibia\u2019s stunning landscapes and culture through photography. Dive into our creative process.\" \/>\n<meta property=\"og:url\" content=\"https:\/\/coanegrafilms.com\/es\/namibia-trip\/\" \/>\n<meta property=\"og:site_name\" content=\"Coanegra Films\" \/>\n<meta property=\"article:modified_time\" content=\"2025-05-10T12:26:30+00:00\" \/>\n<meta property=\"og:image\" content=\"https:\/\/coanegrafilms.com\/wp-content\/uploads\/2025\/01\/web_gallery_img_08-scaled.webp\" \/>\n<meta name=\"twitter:card\" content=\"summary_large_image\" \/>\n<meta name=\"twitter:label1\" content=\"Tiempo de lectura\" \/>\n\t<meta name=\"twitter:data1\" content=\"4 minutos\" \/>\n<script type=\"application\/ld+json\" class=\"yoast-schema-graph\">{\"@context\":\"https:\/\/schema.org\",\"@graph\":[{\"@type\":\"WebPage\",\"@id\":\"https:\/\/coanegrafilms.com\/namibia-trip\/\",\"url\":\"https:\/\/coanegrafilms.com\/namibia-trip\/\",\"name\":\"NAMIBIA TRIP - Photo Journey by Coanegra Films\",\"isPartOf\":{\"@id\":\"https:\/\/coanegrafilms.com\/#website\"},\"primaryImageOfPage\":{\"@id\":\"https:\/\/coanegrafilms.com\/namibia-trip\/#primaryimage\"},\"image\":{\"@id\":\"https:\/\/coanegrafilms.com\/namibia-trip\/#primaryimage\"},\"thumbnailUrl\":\"https:\/\/coanegrafilms.com\/wp-content\/uploads\/2025\/01\/web_gallery_img_08-scaled.webp\",\"datePublished\":\"2025-01-18T20:25:21+00:00\",\"dateModified\":\"2025-05-10T12:26:30+00:00\",\"description\":\"Discover how Coanegra Films documented Namibia\u2019s stunning landscapes and culture through photography. Dive into our creative process.\",\"breadcrumb\":{\"@id\":\"https:\/\/coanegrafilms.com\/namibia-trip\/#breadcrumb\"},\"inLanguage\":\"es\",\"potentialAction\":[{\"@type\":\"ReadAction\",\"target\":[\"https:\/\/coanegrafilms.com\/namibia-trip\/\"]}]},{\"@type\":\"ImageObject\",\"inLanguage\":\"es\",\"@id\":\"https:\/\/coanegrafilms.com\/namibia-trip\/#primaryimage\",\"url\":\"https:\/\/coanegrafilms.com\/wp-content\/uploads\/2025\/01\/web_gallery_img_08-scaled.webp\",\"contentUrl\":\"https:\/\/coanegrafilms.com\/wp-content\/uploads\/2025\/01\/web_gallery_img_08-scaled.webp\"},{\"@type\":\"BreadcrumbList\",\"@id\":\"https:\/\/coanegrafilms.com\/namibia-trip\/#breadcrumb\",\"itemListElement\":[{\"@type\":\"ListItem\",\"position\":1,\"name\":\"Portada\",\"item\":\"https:\/\/coanegrafilms.com\/\"},{\"@type\":\"ListItem\",\"position\":2,\"name\":\"NAMIBIA TRIP\"}]},{\"@type\":\"WebSite\",\"@id\":\"https:\/\/coanegrafilms.com\/#website\",\"url\":\"https:\/\/coanegrafilms.com\/\",\"name\":\"Coanegra Films\",\"description\":\"\",\"publisher\":{\"@id\":\"https:\/\/coanegrafilms.com\/#organization\"},\"potentialAction\":[{\"@type\":\"SearchAction\",\"target\":{\"@type\":\"EntryPoint\",\"urlTemplate\":\"https:\/\/coanegrafilms.com\/?s={search_term_string}\"},\"query-input\":{\"@type\":\"PropertyValueSpecification\",\"valueRequired\":true,\"valueName\":\"search_term_string\"}}],\"inLanguage\":\"es\"},{\"@type\":\"Organization\",\"@id\":\"https:\/\/coanegrafilms.com\/#organization\",\"name\":\"Coanegra Films\",\"url\":\"https:\/\/coanegrafilms.com\/\",\"logo\":{\"@type\":\"ImageObject\",\"inLanguage\":\"es\",\"@id\":\"https:\/\/coanegrafilms.com\/#\/schema\/logo\/image\/\",\"url\":\"https:\/\/coanegrafilms.com\/wp-content\/uploads\/2024\/12\/cn-logo.png\",\"contentUrl\":\"https:\/\/coanegrafilms.com\/wp-content\/uploads\/2024\/12\/cn-logo.png\",\"width\":500,\"height\":500,\"caption\":\"Coanegra Films\"},\"image\":{\"@id\":\"https:\/\/coanegrafilms.com\/#\/schema\/logo\/image\/\"},\"sameAs\":[\"https:\/\/www.instagram.com\/coanegrafilms\/\"]}]}<\/script>\n<!-- \/ Yoast SEO plugin. -->","yoast_head_json":{"title":"NAMIBIA TRIP - Photo Journey by Coanegra Films","description":"Discover how Coanegra Films documented Namibia\u2019s stunning landscapes and culture through photography. Dive into our creative process.","robots":{"index":"index","follow":"follow","max-snippet":"max-snippet:-1","max-image-preview":"max-image-preview:large","max-video-preview":"max-video-preview:-1"},"canonical":"https:\/\/coanegrafilms.com\/es\/namibia-trip\/","og_locale":"es_ES","og_type":"article","og_title":"NAMIBIA TRIP - Photo Journey by Coanegra Films","og_description":"Discover how Coanegra Films documented Namibia\u2019s stunning landscapes and culture through photography. Dive into our creative process.","og_url":"https:\/\/coanegrafilms.com\/es\/namibia-trip\/","og_site_name":"Coanegra Films","article_modified_time":"2025-05-10T12:26:30+00:00","og_image":[{"url":"https:\/\/coanegrafilms.com\/wp-content\/uploads\/2025\/01\/web_gallery_img_08-scaled.webp","type":"","width":"","height":""}],"twitter_card":"summary_large_image","twitter_misc":{"Tiempo de lectura":"4 minutos"},"schema":{"@context":"https:\/\/schema.org","@graph":[{"@type":"WebPage","@id":"https:\/\/coanegrafilms.com\/namibia-trip\/","url":"https:\/\/coanegrafilms.com\/namibia-trip\/","name":"NAMIBIA TRIP - Photo Journey by Coanegra Films","isPartOf":{"@id":"https:\/\/coanegrafilms.com\/#website"},"primaryImageOfPage":{"@id":"https:\/\/coanegrafilms.com\/namibia-trip\/#primaryimage"},"image":{"@id":"https:\/\/coanegrafilms.com\/namibia-trip\/#primaryimage"},"thumbnailUrl":"https:\/\/coanegrafilms.com\/wp-content\/uploads\/2025\/01\/web_gallery_img_08-scaled.webp","datePublished":"2025-01-18T20:25:21+00:00","dateModified":"2025-05-10T12:26:30+00:00","description":"Discover how Coanegra Films documented Namibia\u2019s stunning landscapes and culture through photography. Dive into our creative process.","breadcrumb":{"@id":"https:\/\/coanegrafilms.com\/namibia-trip\/#breadcrumb"},"inLanguage":"es","potentialAction":[{"@type":"ReadAction","target":["https:\/\/coanegrafilms.com\/namibia-trip\/"]}]},{"@type":"ImageObject","inLanguage":"es","@id":"https:\/\/coanegrafilms.com\/namibia-trip\/#primaryimage","url":"https:\/\/coanegrafilms.com\/wp-content\/uploads\/2025\/01\/web_gallery_img_08-scaled.webp","contentUrl":"https:\/\/coanegrafilms.com\/wp-content\/uploads\/2025\/01\/web_gallery_img_08-scaled.webp"},{"@type":"BreadcrumbList","@id":"https:\/\/coanegrafilms.com\/namibia-trip\/#breadcrumb","itemListElement":[{"@type":"ListItem","position":1,"name":"Portada","item":"https:\/\/coanegrafilms.com\/"},{"@type":"ListItem","position":2,"name":"NAMIBIA TRIP"}]},{"@type":"WebSite","@id":"https:\/\/coanegrafilms.com\/#website","url":"https:\/\/coanegrafilms.com\/","name":"Coanegra Films","description":"","publisher":{"@id":"https:\/\/coanegrafilms.com\/#organization"},"potentialAction":[{"@type":"SearchAction","target":{"@type":"EntryPoint","urlTemplate":"https:\/\/coanegrafilms.com\/?s={search_term_string}"},"query-input":{"@type":"PropertyValueSpecification","valueRequired":true,"valueName":"search_term_string"}}],"inLanguage":"es"},{"@type":"Organization","@id":"https:\/\/coanegrafilms.com\/#organization","name":"Coanegra Films","url":"https:\/\/coanegrafilms.com\/","logo":{"@type":"ImageObject","inLanguage":"es","@id":"https:\/\/coanegrafilms.com\/#\/schema\/logo\/image\/","url":"https:\/\/coanegrafilms.com\/wp-content\/uploads\/2024\/12\/cn-logo.png","contentUrl":"https:\/\/coanegrafilms.com\/wp-content\/uploads\/2024\/12\/cn-logo.png","width":500,"height":500,"caption":"Coanegra Films"},"image":{"@id":"https:\/\/coanegrafilms.com\/#\/schema\/logo\/image\/"},"sameAs":["https:\/\/www.instagram.com\/coanegrafilms\/"]}]}},"_links":{"self":[{"href":"https:\/\/coanegrafilms.com\/es\/wp-json\/wp\/v2\/pages\/964","targetHints":{"allow":["GET"]}}],"collection":[{"href":"https:\/\/coanegrafilms.com\/es\/wp-json\/wp\/v2\/pages"}],"about":[{"href":"https:\/\/coanegrafilms.com\/es\/wp-json\/wp\/v2\/types\/page"}],"author":[{"embeddable":true,"href":"https:\/\/coanegrafilms.com\/es\/wp-json\/wp\/v2\/users\/1"}],"replies":[{"embeddable":true,"href":"https:\/\/coanegrafilms.com\/es\/wp-json\/wp\/v2\/comments?post=964"}],"version-history":[{"count":127,"href":"https:\/\/coanegrafilms.com\/es\/wp-json\/wp\/v2\/pages\/964\/revisions"}],"predecessor-version":[{"id":1315,"href":"https:\/\/coanegrafilms.com\/es\/wp-json\/wp\/v2\/pages\/964\/revisions\/1315"}],"wp:attachment":[{"href":"https:\/\/coanegrafilms.com\/es\/wp-json\/wp\/v2\/media?parent=964"}],"curies":[{"name":"wp","href":"https:\/\/api.w.org\/{rel}","templated":true}]}}